{"id":2035,"date":"2025-10-21T13:57:09","date_gmt":"2025-10-21T13:57:09","guid":{"rendered":"https:\/\/edp.inphb.ci\/neww\/?page_id=2035"},"modified":"2026-03-14T13:11:40","modified_gmt":"2026-03-14T13:11:40","slug":"genese-edp","status":"publish","type":"page","link":"https:\/\/edp.inphb.ci\/neww\/genese-edp\/","title":{"rendered":"Gen\u00e8se EDP"},"content":{"rendered":"\t\t<div data-elementor-type=\"wp-page\" data-elementor-id=\"2035\" class=\"elementor elementor-2035\" data-elementor-post-type=\"page\">\n\t\t\t\t<div class=\"elementor-element elementor-element-95c2669 e-flex e-con-boxed e-con e-parent\" data-id=\"95c2669\" data-element_type=\"container\" data-e-type=\"container\">\n\t\t\t\t\t<div class=\"e-con-inner\">\n\t\t\t\t<div class=\"elementor-element elementor-element-5743bbb elementor-widget elementor-widget-spacer\" data-id=\"5743bbb\" data-element_type=\"widget\" data-e-type=\"widget\" data-widget_type=\"spacer.default\">\n\t\t\t\t\t\t\t<div class=\"elementor-spacer\">\n\t\t\t<div class=\"elementor-spacer-inner\"><\/div>\n\t\t<\/div>\n\t\t\t\t\t\t<\/div>\n\t\t\t\t\t<\/div>\n\t\t\t\t<\/div>\n\t\t<div class=\"elementor-element elementor-element-1fe617c e-flex e-con-boxed e-con e-parent\" data-id=\"1fe617c\" data-element_type=\"container\" data-e-type=\"container\" data-settings=\"{&quot;background_background&quot;:&quot;classic&quot;}\">\n\t\t\t\t\t<div class=\"e-con-inner\">\n\t\t\t\t<div class=\"elementor-element elementor-element-f4eeaa9 elementor-widget elementor-widget-heading\" data-id=\"f4eeaa9\" data-element_type=\"widget\" data-e-type=\"widget\" data-widget_type=\"heading.default\">\n\t\t\t\t\t<h2 class=\"elementor-heading-title elementor-size-default\">Gen\u00e8se EDP<\/h2>\t\t\t\t<\/div>\n\t\t\t\t\t<\/div>\n\t\t\t\t<\/div>\n\t\t<div class=\"elementor-element elementor-element-d98e019 e-flex e-con-boxed e-con e-parent\" data-id=\"d98e019\" data-element_type=\"container\" data-e-type=\"container\">\n\t\t\t\t\t<div class=\"e-con-inner\">\n\t\t\t\t<div class=\"elementor-element elementor-element-e1f31fd elementor-widget elementor-widget-spacer\" data-id=\"e1f31fd\" data-element_type=\"widget\" data-e-type=\"widget\" data-widget_type=\"spacer.default\">\n\t\t\t\t\t\t\t<div class=\"elementor-spacer\">\n\t\t\t<div class=\"elementor-spacer-inner\"><\/div>\n\t\t<\/div>\n\t\t\t\t\t\t<\/div>\n\t\t\t\t\t<\/div>\n\t\t\t\t<\/div>\n\t\t<div class=\"elementor-element elementor-element-e5f2917 e-flex e-con-boxed e-con e-parent\" data-id=\"e5f2917\" data-element_type=\"container\" data-e-type=\"container\">\n\t\t\t\t\t<div class=\"e-con-inner\">\n\t\t\t\t<div class=\"elementor-element elementor-element-7a096f8 elementor-widget elementor-widget-text-editor\" data-id=\"7a096f8\" data-element_type=\"widget\" data-e-type=\"widget\" data-widget_type=\"text-editor.default\">\n\t\t\t\t\t\t\t\t\t<p>L\u2019\u00c9cole Doctorale Polytechnique est en charge de l\u2019organisation de la formation doctorale \u00e0 l\u2019<a class=\"niv_1 active\" href=\"http:\/\/www.inphb.edu.ci\/\">Institut National Polytechnique F\u00e9lix HOUPHOU\u00cbT-BOIGNY\u00a0<\/a>: une formation par la recherche, \u00e0 la recherche et \u00e0 l\u2019innovation. Le doctorat est pr\u00e9par\u00e9 sous la responsabilit\u00e9 d\u2019un directeur de th\u00e8se, professeur de rang magistral au sein d\u2019une unit\u00e9 ou d\u2019une \u00e9quipe de recherche rattach\u00e9e \u00e0 l\u2019\u00e9cole doctorale. La formation, qui constitue une exp\u00e9rience professionnelle, a normalement une dur\u00e9e de 3 ans. Elle est sanctionn\u00e9e, apr\u00e8s r\u00e9daction et soutenance d\u2019une th\u00e8se, par la collation du grade de docteur. Elle suit les r\u00e8gles dict\u00e9es par l&rsquo;arr\u00eat\u00e9 minist\u00e9riel du N\u00b0 250\/MESRS\/DGES\/du 13 d\u00e9cembre 2011 et la Charte des Th\u00e8ses de l&rsquo;INP-HB.<\/p>\t\t\t\t\t\t\t\t<\/div>\n\t\t\t\t\t<\/div>\n\t\t\t\t<\/div>\n\t\t<div class=\"elementor-element elementor-element-dbbf149 e-flex e-con-boxed e-con e-parent\" data-id=\"dbbf149\" data-element_type=\"container\" data-e-type=\"container\">\n\t\t\t\t\t<div class=\"e-con-inner\">\n\t\t\t\t<div class=\"elementor-element elementor-element-e9ee86a elementor-widget elementor-widget-text-editor\" data-id=\"e9ee86a\" data-element_type=\"widget\" data-e-type=\"widget\" data-widget_type=\"text-editor.default\">\n\t\t\t\t\t\t\t\t\t<h4><strong>Cliquez pour ouvrir le PDF<\/strong><\/h4>\t\t\t\t\t\t\t\t<\/div>\n\t\t\t\t\t<\/div>\n\t\t\t\t<\/div>\n\t\t<div class=\"elementor-element elementor-element-1a81832 e-flex e-con-boxed e-con e-parent\" data-id=\"1a81832\" data-element_type=\"container\" data-e-type=\"container\">\n\t\t\t\t\t<div class=\"e-con-inner\">\n\t\t\t\t<div class=\"elementor-element elementor-element-cd17ba7 elementor-icon-list--layout-traditional elementor-list-item-link-full_width elementor-widget elementor-widget-icon-list\" data-id=\"cd17ba7\" data-element_type=\"widget\" data-e-type=\"widget\" data-widget_type=\"icon-list.default\">\n\t\t\t\t\t\t\t<ul class=\"elementor-icon-list-items\">\n\t\t\t\t\t\t\t<li class=\"elementor-icon-list-item\">\n\t\t\t\t\t\t\t\t\t\t\t<a href=\"https:\/\/edp.inphb.ci\/neww\/wp-content\/uploads\/2026\/03\/Arrete-ED.pdf\" target=\"_blank\">\n\n\t\t\t\t\t\t\t\t\t\t\t\t<span class=\"elementor-icon-list-icon\">\n\t\t\t\t\t\t\t<svg aria-hidden=\"true\" class=\"e-font-icon-svg e-fas-check\" viewBox=\"0 0 512 512\" xmlns=\"http:\/\/www.w3.org\/2000\/svg\"><path d=\"M173.898 439.404l-166.4-166.4c-9.997-9.997-9.997-26.206 0-36.204l36.203-36.204c9.997-9.998 26.207-9.998 36.204 0L192 312.69 432.095 72.596c9.997-9.997 26.207-9.997 36.204 0l36.203 36.204c9.997 9.997 9.997 26.206 0 36.204l-294.4 294.401c-9.998 9.997-26.207 9.997-36.204-.001z\"><\/path><\/svg>\t\t\t\t\t\t<\/span>\n\t\t\t\t\t\t\t\t\t\t<span class=\"elementor-icon-list-text\">L'arr\u00eat\u00e9 minist\u00e9riel N\u00b0 250\/MESRS\/DGES\/du 13 d\u00e9cembre 2011<\/span>\n\t\t\t\t\t\t\t\t\t\t\t<\/a>\n\t\t\t\t\t\t\t\t\t<\/li>\n\t\t\t\t\t\t<\/ul>\n\t\t\t\t\t\t<\/div>\n\t\t\t\t\t<\/div>\n\t\t\t\t<\/div>\n\t\t<div class=\"elementor-element elementor-element-e413261 e-flex e-con-boxed e-con e-parent\" data-id=\"e413261\" data-element_type=\"container\" data-e-type=\"container\">\n\t\t\t\t\t<div class=\"e-con-inner\">\n\t\t\t\t<div class=\"elementor-element elementor-element-2a04e33 elementor-widget elementor-widget-spacer\" data-id=\"2a04e33\" data-element_type=\"widget\" data-e-type=\"widget\" data-widget_type=\"spacer.default\">\n\t\t\t\t\t\t\t<div class=\"elementor-spacer\">\n\t\t\t<div class=\"elementor-spacer-inner\"><\/div>\n\t\t<\/div>\n\t\t\t\t\t\t<\/div>\n\t\t\t\t\t<\/div>\n\t\t\t\t<\/div>\n\t\t<div class=\"elementor-element elementor-element-98f32e4 e-flex e-con-boxed e-con e-parent\" data-id=\"98f32e4\" data-element_type=\"container\" data-e-type=\"container\">\n\t\t\t\t\t<div class=\"e-con-inner\">\n\t\t\t\t<div class=\"elementor-element elementor-element-a9819bd elementor-widget elementor-widget-text-editor\" data-id=\"a9819bd\" data-element_type=\"widget\" data-e-type=\"widget\" data-widget_type=\"text-editor.default\">\n\t\t\t\t\t\t\t\t\t<p>L\u2019<strong data-start=\"2\" data-end=\"41\">\u00c9cole Doctorale Polytechnique (EDP)<\/strong> de l\u2019<span class=\"hover:entity-accent entity-underline inline cursor-pointer align-baseline\"><span class=\"whitespace-normal\">Institut National Polytechnique F\u00e9lix Houphou\u00ebt-Boigny<\/span><\/span>, situ\u00e9 \u00e0 <span class=\"hover:entity-accent entity-underline inline cursor-pointer align-baseline\"><span class=\"whitespace-normal\">Yamoussoukro<\/span><\/span>, avait \u00e9t\u00e9 mise en place afin d\u2019organiser et de structurer la <strong data-start=\"194\" data-end=\"217\">formation doctorale<\/strong> au sein de l\u2019institut. Cette structure avait pour mission principale de coordonner les <strong data-start=\"305\" data-end=\"331\">activit\u00e9s de recherche<\/strong>, d\u2019encadrer les <strong data-start=\"348\" data-end=\"362\">doctorants<\/strong> et d\u2019assurer la qualit\u00e9 scientifique des <strong data-start=\"404\" data-end=\"424\">travaux de th\u00e8se<\/strong> r\u00e9alis\u00e9s dans les diff\u00e9rents laboratoires de l\u2019\u00e9tablissement.<\/p>\t\t\t\t\t\t\t\t<\/div>\n\t\t\t\t\t<\/div>\n\t\t\t\t<\/div>\n\t\t<div class=\"elementor-element elementor-element-3c0e908 e-flex e-con-boxed e-con e-parent\" data-id=\"3c0e908\" data-element_type=\"container\" data-e-type=\"container\">\n\t\t\t\t\t<div class=\"e-con-inner\">\n\t\t\t\t<div class=\"elementor-element elementor-element-ac27db1 elementor-widget elementor-widget-text-editor\" data-id=\"ac27db1\" data-element_type=\"widget\" data-e-type=\"widget\" data-widget_type=\"text-editor.default\">\n\t\t\t\t\t\t\t\t\t<p>Au cours de son fonctionnement, la direction de l\u2019\u00c9cole Doctorale Polytechnique avait \u00e9t\u00e9 assur\u00e9e par <strong data-start=\"590\" data-end=\"628\">le Professeur Benjamin Kouassi Yao<\/strong>, qui occupait la fonction de <strong data-start=\"658\" data-end=\"680\">Directeur de l\u2019EDP<\/strong>. Sous sa direction, l\u2019\u00e9cole doctorale a contribu\u00e9 au d\u00e9veloppement et \u00e0 la structuration de la <strong data-start=\"776\" data-end=\"802\">recherche scientifique<\/strong> au sein de l\u2019INP-HB, tout en renfor\u00e7ant l\u2019encadrement acad\u00e9mique des doctorants et la collaboration entre les diff\u00e9rents laboratoires de recherche.<\/p>\t\t\t\t\t\t\t\t<\/div>\n\t\t\t\t\t<\/div>\n\t\t\t\t<\/div>\n\t\t<div class=\"elementor-element elementor-element-f93881a e-flex e-con-boxed e-con e-parent\" data-id=\"f93881a\" data-element_type=\"container\" data-e-type=\"container\">\n\t\t\t\t\t<div class=\"e-con-inner\">\n\t\t\t\t<div class=\"elementor-element elementor-element-bf1a8b6 elementor-widget elementor-widget-text-editor\" data-id=\"bf1a8b6\" data-element_type=\"widget\" data-e-type=\"widget\" data-widget_type=\"text-editor.default\">\n\t\t\t\t\t\t\t\t\t<p>Avec l\u2019\u00e9volution des activit\u00e9s scientifiques, l\u2019augmentation du nombre de <strong data-start=\"1026\" data-end=\"1040\">doctorants<\/strong> et la diversification des <strong data-start=\"1067\" data-end=\"1092\">domaines de recherche<\/strong>, l\u2019ancienne <strong data-start=\"1105\" data-end=\"1144\">\u00c9cole Doctorale Polytechnique (EDP)<\/strong> a par la suite \u00e9t\u00e9 <strong data-start=\"1164\" data-end=\"1227\">r\u00e9organis\u00e9e et scind\u00e9e en deux \u00e9coles doctorales distinctes<\/strong> afin d\u2019am\u00e9liorer la gestion et la sp\u00e9cialisation de la formation doctorale.<\/p>\t\t\t\t\t\t\t\t<\/div>\n\t\t\t\t\t<\/div>\n\t\t\t\t<\/div>\n\t\t<div class=\"elementor-element elementor-element-a63b2ed e-flex e-con-boxed e-con e-parent\" data-id=\"a63b2ed\" data-element_type=\"container\" data-e-type=\"container\">\n\t\t\t\t\t<div class=\"e-con-inner\">\n\t\t\t\t<div class=\"elementor-element elementor-element-1957c41 elementor-widget elementor-widget-text-editor\" data-id=\"1957c41\" data-element_type=\"widget\" data-e-type=\"widget\" data-widget_type=\"text-editor.default\">\n\t\t\t\t\t\t\t\t\t<p>Ainsi, l\u2019EDP a \u00e9t\u00e9 divis\u00e9e en <strong data-start=\"1335\" data-end=\"1366\">deux structures principales<\/strong> : <strong data-start=\"1369\" data-end=\"1456\">l\u2019EDP-STI (\u00c9cole Doctorale Polytechnique \u2013 Sciences et Technologies de l\u2019Ing\u00e9nieur)<\/strong> et <strong data-start=\"1460\" data-end=\"1557\">l\u2019EDP-SAPT (\u00c9cole Doctorale Polytechnique \u2013 Sciences Agronomiques et Proc\u00e9d\u00e9s Technologiques)<\/strong>. Cette r\u00e9organisation avait pour objectif de mieux structurer les domaines scientifiques et de permettre une gestion plus efficace des programmes doctoraux.<\/p>\t\t\t\t\t\t\t\t<\/div>\n\t\t\t\t\t<\/div>\n\t\t\t\t<\/div>\n\t\t<div class=\"elementor-element elementor-element-0e0b986 e-flex e-con-boxed e-con e-parent\" data-id=\"0e0b986\" data-element_type=\"container\" data-e-type=\"container\">\n\t\t\t\t\t<div class=\"e-con-inner\">\n\t\t\t\t<div class=\"elementor-element elementor-element-49d3986 elementor-widget elementor-widget-text-editor\" data-id=\"49d3986\" data-element_type=\"widget\" data-e-type=\"widget\" data-widget_type=\"text-editor.default\">\n\t\t\t\t\t\t\t\t\t<p>L\u2019<strong data-start=\"1718\" data-end=\"1729\">EDP-STI<\/strong> regroupe les disciplines li\u00e9es aux <strong data-start=\"1765\" data-end=\"1808\">sciences et technologies de l\u2019ing\u00e9nieur<\/strong>, notamment le <strong data-start=\"1823\" data-end=\"1979\">g\u00e9nie civil, le g\u00e9nie \u00e9lectrique, le g\u00e9nie m\u00e9canique, l\u2019informatique, les t\u00e9l\u00e9communications, les math\u00e9matiques appliqu\u00e9es et les sciences des mat\u00e9riaux<\/strong>. L\u2019<strong data-start=\"1983\" data-end=\"1995\">EDP-SAPT<\/strong>, quant \u00e0 elle, se consacre aux <strong data-start=\"2027\" data-end=\"2083\">sciences agronomiques et aux proc\u00e9d\u00e9s technologiques<\/strong>, couvrant des domaines tels que <strong data-start=\"2116\" data-end=\"2253\">l\u2019agronomie, les sciences alimentaires, les proc\u00e9d\u00e9s agro-industriels, l\u2019environnement et les technologies appliqu\u00e9es \u00e0 l\u2019agriculture<\/strong>.<\/p>\t\t\t\t\t\t\t\t<\/div>\n\t\t\t\t\t<\/div>\n\t\t\t\t<\/div>\n\t\t<div class=\"elementor-element elementor-element-c4e0c21 e-flex e-con-boxed e-con e-parent\" data-id=\"c4e0c21\" data-element_type=\"container\" data-e-type=\"container\">\n\t\t\t\t\t<div class=\"e-con-inner\">\n\t\t\t\t<div class=\"elementor-element elementor-element-fb28dd5 elementor-widget elementor-widget-text-editor\" data-id=\"fb28dd5\" data-element_type=\"widget\" data-e-type=\"widget\" data-widget_type=\"text-editor.default\">\n\t\t\t\t\t\t\t\t\t<p>Cette transformation de l\u2019ancienne \u00c9cole Doctorale Polytechnique en <strong data-start=\"2324\" data-end=\"2335\">EDP-STI<\/strong> et <strong data-start=\"2339\" data-end=\"2351\">EDP-SAPT<\/strong> a permis de renforcer la <strong data-start=\"2377\" data-end=\"2480\">sp\u00e9cialisation scientifique, la qualit\u00e9 de l\u2019encadrement doctoral et l\u2019organisation de la recherche<\/strong> au sein de l\u2019INP-HB.<\/p>\t\t\t\t\t\t\t\t<\/div>\n\t\t\t\t\t<\/div>\n\t\t\t\t<\/div>\n\t\t\t\t<\/div>\n\t\t","protected":false},"excerpt":{"rendered":"<p>Gen\u00e8se EDP L\u2019\u00c9cole Doctorale Polytechnique est en charge de l\u2019organisation de la formation doctorale \u00e0 l\u2019Institut National Polytechnique F\u00e9lix HOUPHOU\u00cbT-BOIGNY\u00a0: une formation par la recherche, \u00e0 la recherche et \u00e0 l\u2019innovation. Le doctorat est pr\u00e9par\u00e9 sous la responsabilit\u00e9 d\u2019un directeur de th\u00e8se, professeur de rang magistral au sein d\u2019une unit\u00e9 ou d\u2019une \u00e9quipe de recherche [&hellip;]<\/p>\n","protected":false},"author":1,"featured_media":0,"parent":0,"menu_order":0,"comment_status":"closed","ping_status":"closed","template":"tpl-default-elementor.php","meta":{"pagelayer_contact_templates":[],"_pagelayer_content":"","footnotes":""},"class_list":["post-2035","page","type-page","status-publish","hentry"],"jetpack_sharing_enabled":true,"_links":{"self":[{"href":"https:\/\/edp.inphb.ci\/neww\/wp-json\/wp\/v2\/pages\/2035","targetHints":{"allow":["GET"]}}],"collection":[{"href":"https:\/\/edp.inphb.ci\/neww\/wp-json\/wp\/v2\/pages"}],"about":[{"href":"https:\/\/edp.inphb.ci\/neww\/wp-json\/wp\/v2\/types\/page"}],"author":[{"embeddable":true,"href":"https:\/\/edp.inphb.ci\/neww\/wp-json\/wp\/v2\/users\/1"}],"replies":[{"embeddable":true,"href":"https:\/\/edp.inphb.ci\/neww\/wp-json\/wp\/v2\/comments?post=2035"}],"version-history":[{"count":77,"href":"https:\/\/edp.inphb.ci\/neww\/wp-json\/wp\/v2\/pages\/2035\/revisions"}],"predecessor-version":[{"id":2798,"href":"https:\/\/edp.inphb.ci\/neww\/wp-json\/wp\/v2\/pages\/2035\/revisions\/2798"}],"wp:attachment":[{"href":"https:\/\/edp.inphb.ci\/neww\/wp-json\/wp\/v2\/media?parent=2035"}],"curies":[{"name":"wp","href":"https:\/\/api.w.org\/{rel}","templated":true}]}}