{"id":2341,"date":"2025-10-23T15:31:07","date_gmt":"2025-10-23T15:31:07","guid":{"rendered":"https:\/\/edp.inphb.ci\/neww\/?page_id=2341"},"modified":"2026-04-19T11:49:27","modified_gmt":"2026-04-19T11:49:27","slug":"conditions-de-candidature","status":"publish","type":"page","link":"https:\/\/edp.inphb.ci\/neww\/conditions-de-candidature\/","title":{"rendered":"Conditions de candidature"},"content":{"rendered":"\t\t<div data-elementor-type=\"wp-page\" data-elementor-id=\"2341\" class=\"elementor elementor-2341\" data-elementor-post-type=\"page\">\n\t\t\t\t<div class=\"elementor-element elementor-element-5b021c4 e-flex e-con-boxed e-con e-parent\" data-id=\"5b021c4\" data-element_type=\"container\" data-e-type=\"container\">\n\t\t\t\t\t<div class=\"e-con-inner\">\n\t\t\t\t<div class=\"elementor-element elementor-element-18b6e07 elementor-widget elementor-widget-spacer\" data-id=\"18b6e07\" data-element_type=\"widget\" data-e-type=\"widget\" data-widget_type=\"spacer.default\">\n\t\t\t\t\t\t\t<div class=\"elementor-spacer\">\n\t\t\t<div class=\"elementor-spacer-inner\"><\/div>\n\t\t<\/div>\n\t\t\t\t\t\t<\/div>\n\t\t\t\t\t<\/div>\n\t\t\t\t<\/div>\n\t\t<div class=\"elementor-element elementor-element-5a405e7 e-flex e-con-boxed e-con e-parent\" data-id=\"5a405e7\" data-element_type=\"container\" data-e-type=\"container\" data-settings=\"{&quot;background_background&quot;:&quot;classic&quot;}\">\n\t\t\t\t\t<div class=\"e-con-inner\">\n\t\t\t\t<div class=\"elementor-element elementor-element-f17928e elementor-widget elementor-widget-heading\" data-id=\"f17928e\" data-element_type=\"widget\" data-e-type=\"widget\" data-widget_type=\"heading.default\">\n\t\t\t\t\t<h2 class=\"elementor-heading-title elementor-size-default\">Conditions de candidature<\/h2>\t\t\t\t<\/div>\n\t\t\t\t\t<\/div>\n\t\t\t\t<\/div>\n\t\t<div class=\"elementor-element elementor-element-55f5bd4 e-flex e-con-boxed e-con e-parent\" data-id=\"55f5bd4\" data-element_type=\"container\" data-e-type=\"container\">\n\t\t\t\t\t<div class=\"e-con-inner\">\n\t\t\t\t<div class=\"elementor-element elementor-element-7b186b4 elementor-widget elementor-widget-spacer\" data-id=\"7b186b4\" data-element_type=\"widget\" data-e-type=\"widget\" data-widget_type=\"spacer.default\">\n\t\t\t\t\t\t\t<div class=\"elementor-spacer\">\n\t\t\t<div class=\"elementor-spacer-inner\"><\/div>\n\t\t<\/div>\n\t\t\t\t\t\t<\/div>\n\t\t\t\t\t<\/div>\n\t\t\t\t<\/div>\n\t\t<div class=\"elementor-element elementor-element-9443d0c e-flex e-con-boxed e-con e-parent\" data-id=\"9443d0c\" data-element_type=\"container\" data-e-type=\"container\">\n\t\t\t\t\t<div class=\"e-con-inner\">\n\t\t\t\t<div class=\"elementor-element elementor-element-9f4ab7f elementor-widget elementor-widget-text-editor\" data-id=\"9f4ab7f\" data-element_type=\"widget\" data-e-type=\"widget\" data-widget_type=\"text-editor.default\">\n\t\t\t\t\t\t\t\t\t<h4>Les pr\u00e9inscriptions en ligne sont ferm\u00e9es. Date limite : <strong>18\/04\/2026 \u00e0 23:59<\/strong><\/h4>\t\t\t\t\t\t\t\t<\/div>\n\t\t\t\t\t<\/div>\n\t\t\t\t<\/div>\n\t\t<div class=\"elementor-element elementor-element-96862e8 e-flex e-con-boxed e-con e-parent\" data-id=\"96862e8\" data-element_type=\"container\" data-e-type=\"container\">\n\t\t\t\t\t<div class=\"e-con-inner\">\n\t\t\t\t<div class=\"elementor-element elementor-element-37acae4 elementor-widget elementor-widget-spacer\" data-id=\"37acae4\" data-element_type=\"widget\" data-e-type=\"widget\" data-widget_type=\"spacer.default\">\n\t\t\t\t\t\t\t<div class=\"elementor-spacer\">\n\t\t\t<div class=\"elementor-spacer-inner\"><\/div>\n\t\t<\/div>\n\t\t\t\t\t\t<\/div>\n\t\t\t\t\t<\/div>\n\t\t\t\t<\/div>\n\t\t<div class=\"elementor-element elementor-element-24316b6 e-flex e-con-boxed e-con e-parent\" data-id=\"24316b6\" data-element_type=\"container\" data-e-type=\"container\">\n\t\t\t\t\t<div class=\"e-con-inner\">\n\t\t\t\t<div class=\"elementor-element elementor-element-cc23047 elementor-widget elementor-widget-html\" data-id=\"cc23047\" data-element_type=\"widget\" data-e-type=\"widget\" data-widget_type=\"html.default\">\n\t\t\t\t\t\r\n  <style>\r\n    :root {\r\n      --ink: #1f2937;\r\n      --muted: #6b7280;\r\n      \r\n      --accent-light: #eef4ff;\r\n      --warn: #fff7e5;\r\n     \r\n      --ok: #ecfdf5;\r\n      \r\n      --panel: #ffffff;\r\n      --border: #e5e7eb;\r\n      --radius: 10px;\r\n     \r\n    }\r\n\r\n    body {\r\n      \r\n      \r\n      color: var(--ink);\r\n      font-family: \"Inter\", system-ui, -apple-system, \"Segoe UI\", Roboto, \"Helvetica Neue\", Arial;\r\n      line-height: 1.75;\r\n    }\r\n\r\n   \r\n\r\n    h2 {\r\n      font-size: 1.6rem;\r\n      margin-top: 2rem;\r\n      color: var(--accent);\r\n      border-left: 5px solid var(--accent);\r\n      padding-left: 0px;\r\n      padding-bottom: 10px;\r\n      font-weight: bold;\r\n    }\r\n\r\n    p {\r\n      font-size: 1.05rem;\r\n      margin-bottom: 1rem;\r\n    }\r\n\r\n    \/* Highlight boxes for emphasis *\/\r\n    .callout {\r\n      border-left: 5px solid var(--accent);\r\n      background: var(--accent-light);\r\n      padding: 1rem;\r\n      border-radius: var(--radius);\r\n      margin: 1rem 0;\r\n    }\r\n\r\n    .highlight {\r\n      border-left: 5px solid var(--warn-border);\r\n      background: var(--warn);\r\n      padding: 1rem;\r\n      border-radius: var(--radius);\r\n      margin: 1rem 0;\r\n    }\r\n\r\n    .success {\r\n      border-left: 5px solid var(--ok-border);\r\n      background: var(--ok);\r\n      padding: 1rem;\r\n      border-radius: var(--radius);\r\n      margin: 1rem 0;\r\n    }\r\n\r\n    ul {\r\n      margin-left: 1.5rem;\r\n    }\r\n\r\n    @media (max-width: 600px) {\r\n     \r\n      h2 { font-size: 1.3rem; }\r\n    }\r\n  <\/style>\r\n<\/head>\r\n\r\n<body>\r\n  <main>\r\n   \r\n\r\n    <p>Pour \u00eatre admis en premi\u00e8re ann\u00e9e, il faut remplir les conditions suivantes :<\/p>\r\n\r\n    <div class=\"callout\">\r\n      \u00catre titulaire d\u2019un master de recherche, d\u2019un DEA ou tout autre dipl\u00f4me jug\u00e9 \u00e9quivalent \u00e0 l'issue d'un parcours \u00e9tablissant l\u2019aptitude \u00e0 la recherche. \r\n      La note moyenne du master \u2013 calcul\u00e9e \u00e0 partir des moyennes des 4 semestres \u2013 doit \u00eatre au moins \u00e9gale \u00e0 12\/20.\r\n    <\/div>\r\n\r\n    <div class=\"highlight\">\r\n      Exceptionnellement, l\u2019EDP peut admettre des candidats ayant obtenu le master recherche avec une moyenne sur 2 ans (M1 ou \u00e9quivalent + M2) comprise entre 11 et 11,99 sur examen pr\u00e9alable du dossier par la commission p\u00e9dagogique de l'EDP qui donne un avis sur l'inscription.\r\n    <\/div>\r\n\r\n    <p>Les candidats titulaires d'un dipl\u00f4me \u00e9tranger de niveau master peuvent demander une inscription d\u00e9rogatoire aux conditions de dipl\u00f4me. \r\n      La demande (\u00e0 d\u00e9poser par le candidat au secr\u00e9tariat) sera \u00e9valu\u00e9e par le conseil de l'EDP puis transmise au Directeur G\u00e9n\u00e9ral de l'INP-HB.\r\n    <\/p>\r\n\r\n    <div class=\"callout\">\r\n      B\u00e9n\u00e9ficier d\u2019un financement ou de moyens propres jug\u00e9s suffisants. \r\n      Des possibilit\u00e9s de financement sont propos\u00e9es par l'EDP dans la mesure des disponibilit\u00e9s.\r\n    <\/div>\r\n\r\n    <p>Obtenir l'accord d'un directeur de th\u00e8se habilit\u00e9 \u00e0 diriger des recherches et celui du directeur de l'unit\u00e9 de recherche dans laquelle la pr\u00e9paration de la th\u00e8se est envisag\u00e9e.<\/p>\r\n\r\n    <div class=\"success\">\r\n      Poss\u00e9der au moins le niveau linguistique en fran\u00e7ais ou en anglais suffisant. \r\n      Les candidats ayant obtenu le master dans une universit\u00e9 de langue fran\u00e7aise ou dans une universit\u00e9 de langue anglaise sont r\u00e9put\u00e9s avoir ce niveau. \r\n      Les autres candidats devront fournir un document de certification de niveau linguistique d\u00e9livr\u00e9 par un organisme de certification.\r\n    <\/div>\r\n\r\n    <p>Si vous remplissez toutes ces conditions, vous pouvez effectuer votre demande d'inscription administrative.<\/p>\r\n\r\n    <div class=\"callout\">\r\n      En vue de son inscription, le candidat d\u00e9pose aupr\u00e8s du directeur de l\u2019\u00e9cole doctorale, un r\u00e9sum\u00e9 du projet de th\u00e8se vis\u00e9 par le directeur ou les co-directeurs de th\u00e8se. \r\n      Lors de la premi\u00e8re inscription en doctorat, la charte des th\u00e8ses est sign\u00e9e par le candidat, son directeur ou ses co-directeurs de th\u00e8se, \r\n      le directeur de l\u2019\u00e9cole doctorale et du responsable de l\u2019unit\u00e9 de recherche, de d\u00e9veloppement et d\u2019innovation (UMRI) ou de l\u2019\u00e9quipe d\u2019accueil.\r\n    <\/div>\r\n\r\n    <div class=\"highlight\">\r\n      Co-tutelle : Une convention pr\u00e9cise les modalit\u00e9s de collaboration entre les institutions d\u00e9livrant conjointement un doctorat.\r\n    <\/div>\r\n\r\n    <h2>El\u00e9ments de candidature<\/h2>\r\n\r\n    <p>L'Ecole doctorale de l\u2019INP-HB prend soin d'admettre en doctorat des \u00e9tudiants dont le projet de th\u00e8se a de fortes chances d'aboutir. \r\n      Il importe donc que le candidat ait une vision \u00e9labor\u00e9e de son sujet de th\u00e8se et des cons\u00e9quences du choix de ce sujet pour ses recherches et son projet professionnel.\r\n    <\/p>\r\n\r\n    <p>M\u00eame si le sujet de th\u00e8se est susceptible d'\u00e9voluer dans les premiers mois du doctorat, il importe que le candidat formule de la mani\u00e8re la plus pr\u00e9cise et la plus coh\u00e9rente possible des \u00e9l\u00e9ments indispensables \u00e0 l'\u00e9valuation de son projet de recherche.<\/p>\r\n\r\n    <p>Ces \u00e9l\u00e9ments sont :<\/p>\r\n\r\n    <ul>\r\n      <li>Le choix de la probl\u00e9matique doit \u00eatre \u00e9tay\u00e9, notamment au vu des travaux ant\u00e9rieurs<\/li>\r\n      <li>La pr\u00e9sentation de la m\u00e9thodologie envisag\u00e9e pour traiter de la probl\u00e9matique choisie<\/li>\r\n      <li>L'\u00e9valuation de la faisabilit\u00e9 des recherches pr\u00e9vues tant du point de vue scientifique que pratique. Certains sujets demandent l'acc\u00e8s \u00e0 des terrains ou \u00e0 des donn\u00e9es qui ne sont pas ais\u00e9ment accessibles.<\/li>\r\n    <\/ul>\r\n\r\n    <div class=\"success\">\r\n      Le candidat doit \u00e9galement exposer quelle est sa disponibilit\u00e9 par rapport \u00e0 la r\u00e9alisation de sa th\u00e8se. \r\n      Cette indication est particuli\u00e8rement importante pour les candidats salari\u00e9s.\r\n    <\/div>\r\n\r\n    <div class=\"callout\">\r\n      Enfin, le candidat doit \u00eatre en mesure d'indiquer des pistes solides relatives au financement de ses ann\u00e9es de th\u00e8se. \r\n      Il importe que les candidats aient pris toute la mesure de cet enjeu.\r\n    <\/div>\r\n\r\n    <p>Enfin, il importe que le candidat puisse \u00e9tayer son projet au regard de son parcours acad\u00e9mique et\/ou professionnel.<\/p>\r\n\r\n    <p>Le parcours acad\u00e9mique doit \u00eatre de pr\u00e9f\u00e9rence continu et coh\u00e9rent. \r\n      Dans tous les cas, les r\u00e9sultats acad\u00e9miques demand\u00e9s doivent \u00eatre de tr\u00e8s bonne tenue.\r\n    <\/p>\r\n\r\n    <div class=\"highlight\">\r\n      De  plus, pour les candidats salari\u00e9s, le parcours professionnel doit \u00eatre expos\u00e9 et mis en relation avec le projet de th\u00e8se. \r\n      La th\u00e8se doit \u00eatre inscrite dans un projet d'\u00e9volution professionnelle.\r\n    <\/div>\r\n  <\/main>\r\n<\/body>\r\n<\/html>\r\n\t\t\t\t<\/div>\n\t\t\t\t\t<\/div>\n\t\t\t\t<\/div>\n\t\t<div class=\"elementor-element elementor-element-b7fb949 e-flex e-con-boxed e-con e-parent\" data-id=\"b7fb949\" data-element_type=\"container\" data-e-type=\"container\">\n\t\t\t\t\t<div class=\"e-con-inner\">\n\t\t\t\t<div class=\"elementor-element elementor-element-eb2ca5e elementor-widget elementor-widget-spacer\" data-id=\"eb2ca5e\" data-element_type=\"widget\" data-e-type=\"widget\" data-widget_type=\"spacer.default\">\n\t\t\t\t\t\t\t<div class=\"elementor-spacer\">\n\t\t\t<div class=\"elementor-spacer-inner\"><\/div>\n\t\t<\/div>\n\t\t\t\t\t\t<\/div>\n\t\t\t\t\t<\/div>\n\t\t\t\t<\/div>\n\t\t<div class=\"elementor-element elementor-element-6b17d05 e-flex e-con-boxed e-con e-parent\" data-id=\"6b17d05\" data-element_type=\"container\" data-e-type=\"container\">\n\t\t\t\t\t<div class=\"e-con-inner\">\n\t\t\t\t<div class=\"elementor-element elementor-element-3724ab1 elementor-widget elementor-widget-html\" data-id=\"3724ab1\" data-element_type=\"widget\" data-e-type=\"widget\" data-widget_type=\"html.default\">\n\t\t\t\t\t<!DOCTYPE html>\r\n<html lang=\"fr\">\r\n<head>\r\n  <style>\r\n    :root {\r\n      --ink: #1f2937;\r\n      \r\n      --accent-bg: #eef4ff;\r\n      --warn: #fef9c3;\r\n      --warn-border: #facc15;\r\n      --info: #ecfdf5;\r\n      \r\n      --border: #e5e7eb;\r\n      --bg: #f7f8fa;\r\n      --paper: #ffffff;\r\n      --radius: 10px;\r\n      --shadow: 0 4px 18px rgba(0,0,0,0.05);\r\n     \r\n    }\r\n\r\n    body {\r\n     \r\n      font-family: \"Inter\", system-ui, -apple-system, \"Segoe UI\", Roboto, \"Helvetica Neue\", Arial;\r\n      \r\n      color: var(--ink);\r\n      line-height: 1.75;\r\n    }\r\n\r\n\r\n    h1 {\r\n      color: var(--accent);\r\n      text-align: center;\r\n      font-size: 1.8rem;\r\n      margin-bottom: 1.5rem;\r\n    }\r\n\r\n   \r\n\r\n    h3 {\r\n      font-size: 1.1rem;\r\n      margin-top: 1rem;\r\n      color: #111827;\r\n    }\r\n\r\n    p {\r\n      margin: 0.75rem 0;\r\n      font-size: 1.05rem;\r\n    }\r\n\r\n    ul {\r\n      margin-left: 1.25rem;\r\n    }\r\n\r\n    .callout {\r\n      background: var(--accent-bg);\r\n      border-left: 5px solid var(--accent);\r\n      padding: 1rem;\r\n      border-radius: var(--radius);\r\n      margin: 1rem 0;\r\n    }\r\n\r\n    .highlight {\r\n      background: var(--warn);\r\n      border-left: 5px solid var(--warn-border);\r\n      padding: 1rem;\r\n      border-radius: var(--radius);\r\n      margin: 1rem 0;\r\n    }\r\n\r\n    .info {\r\n      background: var(--info);\r\n      border-left: 5px solid var(--info-border);\r\n      padding: 1rem;\r\n      border-radius: var(--radius);\r\n      margin: 1rem 0;\r\n    }\r\n\r\n    code {\r\n      background: #f1f5f9;\r\n      padding: 2px 6px;\r\n      border-radius: 5px;\r\n      font-family: monospace;\r\n    }\r\n\r\n    \r\n  <\/style>\r\n<\/head>\r\n<body>\r\n  <main>\r\n    <h1 style=\"text-align:left;font-weight:bold;text-decoration:underline;\">Les 3 \u00e9tapes du processus de candidature<\/h1>\r\n\r\n    <h2>I. PREMI\u00c8RE \u00c9TAPE:  Pr\u00e9-inscription en ligne<\/h2>\r\n\r\n    <h3><b>1.<\/b> Faire une demande d\u2019autorisation de pr\u00e9inscription en ligne<\/h3>\r\n    <p>\r\n  <a href=\"https:\/\/edp.inphb.ci\/Doctorat_T22_M22A\/EDP-inscription26.php\"\r\n     style=\"display:inline-block; background:#F30; color:#fff; padding:10px 18px;\r\n            font-size:18px; text-decoration:none; border-radius:6px;\r\n            font-weight:600; text-align:left;\">\r\n    Cliquez ici pour d\u00e9buter la pr\u00e9inscription en ligne<br>\r\n    ou imprimer la fiche de pr\u00e9inscription si \u00ab d\u00e9j\u00e0 inscrit \u00bb.\r\n  <\/a>\r\n<\/p>\r\n<br>\r\n<p><b>2.<\/b> Paiement des frais de pr\u00e9inscription d'un montant de <b>40.000 FCFA (A payer sur le compte recherche 2)<\/b> dont le re\u00e7u devra \u00eatre ajout\u00e9 au dossier a fournir pour finaliser la pr\u00e9inscription.<\/p>\r\n\r\n<p>\r\n  <a href=\"https:\/\/edp.inphb.ci\/neww\/wp-content\/uploads\/2026\/03\/RIB-EDP-RECH-2.pdf\"\r\n     target=\"_blank\"\r\n     style=\"display:inline-block; background:#F30; color:#fff; padding:10px 18px;\r\n            font-size:18px; text-decoration:none; border-radius:6px;\r\n            font-weight:600; text-align:left;\">\r\n    Cliquez ici pour consulter le RIB\r\n  <\/a>\r\n<\/p>\r\n\r\n<br>\r\n    <h3><b>3. <\/b> Envoyer le dossier de candidature<\/h3>\r\n    <p>Veuillez remplir le formulaire pour envoyer votre dossier.<\/p>\r\n    \r\n     <p>\r\n  <a href=\"https:\/\/edp.inphb.ci\/Doctorat_T22_M22A\/EDP-docs.php\"\r\n     style=\"display:inline-block; background:#F30; color:#fff; padding:10px;\r\n            font-size:18px; text-decoration:none; border-radius:6px;\r\n            font-weight:600; text-align:left;\">\r\n   Cliquez ici pour remplir le formulaire et soumettre votre dossier.\r\n  <\/a>\r\n<\/p>\r\n    \r\n\r\n\r\n    <div class=\"highlight\">\r\n      <strong>NB :<\/strong> Le candidat devra fusionner dans l\u2019ordre tous les \u00e9l\u00e9ments susmentionn\u00e9s dans un fichier PDF unique portant son nom complet.\r\n      <br><br>\r\n      <strong>Exemple :<\/strong><br>\r\n      Nom complet du candidat : Kouadio Koffi Jean<br>\r\n      Nom du fichier PDF unique \u00e0 envoyer : <code>Kouadio_Koffi_Jean<\/code>\r\n    <\/div>\r\n\r\n\r\n    <ul >\r\n        \r\n      <li ><a href=\"https:\/\/edp.inphb.ci\/neww\/wp-content\/uploads\/2026\/03\/new-Elements-a-fournir-en-version-numerique-scannee-2026.pdf\" target=\"_blank\"><u  style=\"font-size:25px;\">Cliquez ici pour voir la liste des pi\u00e8ces \u00e0 fournir dans le dossier de candidature<\/u><\/a><\/li>\r\n      \r\n      <li><a href=\"https:\/\/edp.inphb.ci\/neww\/wp-content\/uploads\/2026\/03\/Fiches-Signaletique-STI-2026-2027.pdf\" target=\"_blank\" ><u style=\"font-size:25px;\">Cliquez ici pour t\u00e9l\u00e9charger la fiche signal\u00e9tique STI<\/u><\/a><\/li>\r\n      \r\n      \r\n      <li><a href=\"https:\/\/edp.inphb.ci\/neww\/wp-content\/uploads\/2026\/03\/Fiches-Signaletique-SAPT-2026-2027.pdf\" target=\"_blank\"><u style=\"font-size:25px;\">Cliquez ici pour t\u00e9l\u00e9charger la fiche signal\u00e9tique SAPT<\/u><\/a><\/li>\r\n    <\/ul>\r\n\r\n<br\/>\r\n\r\n    <h2>II. DEUXI\u00c8ME \u00c9TAPE: Audition des candidats pr\u00e9s\u00e9lectionn\u00e9s<\/h2>\r\n\r\n<br\/>\r\n\r\n  <h2>III. TROISI\u00c8ME ETAPE : Jury de recrutement en fin Juin<\/h2>\r\n\r\n\r\n<br\/>\r\n\r\n    <div class=\"info\">\r\n      <p><strong>Aide :<\/strong><\/p>\r\n      <p>Pour tout probl\u00e8me relatif \u00e0 l'utilisation du syst\u00e8me de pr\u00e9inscription en ligne : <strong>07 89 61 19 82<\/strong>.<\/p>\r\n      <p>Pour toute information relative aux conditions de pr\u00e9inscription : <strong>07 08 86 92 17 \/ 07 49 00 40 23 \/ 01 72 86 33 54<\/strong>.<\/p>\r\n      <p>Horaires d\u2019appel du public : <strong>Du lundi au Vendredi de 08h00 \u00e0 15h00.<\/strong><\/p>\r\n    <\/div>\r\n  <\/main>\r\n<\/body>\r\n<\/html>\t\t\t\t<\/div>\n\t\t\t\t\t<\/div>\n\t\t\t\t<\/div>\n\t\t\t\t<\/div>\n\t\t","protected":false},"excerpt":{"rendered":"<p>Conditions de candidature Les pr\u00e9inscriptions en ligne sont ferm\u00e9es. Date limite : 18\/04\/2026 \u00e0 23:59 Pour \u00eatre admis en premi\u00e8re ann\u00e9e, il faut remplir les conditions suivantes : \u00catre titulaire d\u2019un master de recherche, d\u2019un DEA ou tout autre dipl\u00f4me jug\u00e9 \u00e9quivalent \u00e0 l&rsquo;issue d&rsquo;un parcours \u00e9tablissant l\u2019aptitude \u00e0 la recherche. La note moyenne du [&hellip;]<\/p>\n","protected":false},"author":1,"featured_media":0,"parent":0,"menu_order":0,"comment_status":"closed","ping_status":"closed","template":"tpl-default-elementor.php","meta":{"pagelayer_contact_templates":[],"_pagelayer_content":"","footnotes":""},"class_list":["post-2341","page","type-page","status-publish","hentry"],"jetpack_sharing_enabled":true,"_links":{"self":[{"href":"https:\/\/edp.inphb.ci\/neww\/wp-json\/wp\/v2\/pages\/2341","targetHints":{"allow":["GET"]}}],"collection":[{"href":"https:\/\/edp.inphb.ci\/neww\/wp-json\/wp\/v2\/pages"}],"about":[{"href":"https:\/\/edp.inphb.ci\/neww\/wp-json\/wp\/v2\/types\/page"}],"author":[{"embeddable":true,"href":"https:\/\/edp.inphb.ci\/neww\/wp-json\/wp\/v2\/users\/1"}],"replies":[{"embeddable":true,"href":"https:\/\/edp.inphb.ci\/neww\/wp-json\/wp\/v2\/comments?post=2341"}],"version-history":[{"count":208,"href":"https:\/\/edp.inphb.ci\/neww\/wp-json\/wp\/v2\/pages\/2341\/revisions"}],"predecessor-version":[{"id":3026,"href":"https:\/\/edp.inphb.ci\/neww\/wp-json\/wp\/v2\/pages\/2341\/revisions\/3026"}],"wp:attachment":[{"href":"https:\/\/edp.inphb.ci\/neww\/wp-json\/wp\/v2\/media?parent=2341"}],"curies":[{"name":"wp","href":"https:\/\/api.w.org\/{rel}","templated":true}]}}