{"id":2568,"date":"2026-03-03T10:26:26","date_gmt":"2026-03-03T10:26:26","guid":{"rendered":"https:\/\/edp.inphb.ci\/neww\/?page_id=2568"},"modified":"2026-03-20T18:23:20","modified_gmt":"2026-03-20T18:23:20","slug":"a-propos-des-deux-ecoles-doctorales","status":"publish","type":"page","link":"https:\/\/edp.inphb.ci\/neww\/a-propos-des-deux-ecoles-doctorales\/","title":{"rendered":"\u00c0 propos des deux \u00e9coles doctorales"},"content":{"rendered":"\t\t<div data-elementor-type=\"wp-page\" data-elementor-id=\"2568\" class=\"elementor elementor-2568\" data-elementor-post-type=\"page\">\n\t\t\t\t<div class=\"elementor-element elementor-element-686e96d e-flex e-con-boxed e-con e-parent\" data-id=\"686e96d\" data-element_type=\"container\" data-e-type=\"container\" data-settings=\"{&quot;background_background&quot;:&quot;classic&quot;}\">\n\t\t\t\t\t<div class=\"e-con-inner\">\n\t\t\t\t<div class=\"elementor-element elementor-element-f59f9c9 elementor-widget elementor-widget-heading\" data-id=\"f59f9c9\" data-element_type=\"widget\" data-e-type=\"widget\" data-widget_type=\"heading.default\">\n\t\t\t\t\t<h2 class=\"elementor-heading-title elementor-size-default\">\u00c0 propos des deux \u00e9coles doctorales<\/h2>\t\t\t\t<\/div>\n\t\t\t\t\t<\/div>\n\t\t\t\t<\/div>\n\t\t<div class=\"elementor-element elementor-element-6d05ed6 e-flex e-con-boxed e-con e-parent\" data-id=\"6d05ed6\" data-element_type=\"container\" data-e-type=\"container\">\n\t\t\t\t\t<div class=\"e-con-inner\">\n\t\t\t\t<div class=\"elementor-element elementor-element-68af42f elementor-widget elementor-widget-spacer\" data-id=\"68af42f\" data-element_type=\"widget\" data-e-type=\"widget\" data-widget_type=\"spacer.default\">\n\t\t\t\t\t\t\t<div class=\"elementor-spacer\">\n\t\t\t<div class=\"elementor-spacer-inner\"><\/div>\n\t\t<\/div>\n\t\t\t\t\t\t<\/div>\n\t\t\t\t\t<\/div>\n\t\t\t\t<\/div>\n\t\t<div class=\"elementor-element elementor-element-a05eded e-flex e-con-boxed e-con e-parent\" data-id=\"a05eded\" data-element_type=\"container\" data-e-type=\"container\">\n\t\t\t\t\t<div class=\"e-con-inner\">\n\t\t\t\t<div class=\"elementor-element elementor-element-71bc79d elementor-widget elementor-widget-heading\" data-id=\"71bc79d\" data-element_type=\"widget\" data-e-type=\"widget\" data-widget_type=\"heading.default\">\n\t\t\t\t\t<h3 class=\"elementor-heading-title elementor-size-default\">\u00c9COLES DOCTORALES DE L\u2019INP-HB<\/h3>\t\t\t\t<\/div>\n\t\t\t\t\t<\/div>\n\t\t\t\t<\/div>\n\t\t<div class=\"elementor-element elementor-element-2d6449b e-flex e-con-boxed e-con e-parent\" data-id=\"2d6449b\" data-element_type=\"container\" data-e-type=\"container\">\n\t\t\t\t\t<div class=\"e-con-inner\">\n\t\t\t\t<div class=\"elementor-element elementor-element-c2115a9 elementor-widget elementor-widget-heading\" data-id=\"c2115a9\" data-element_type=\"widget\" data-e-type=\"widget\" data-widget_type=\"heading.default\">\n\t\t\t\t\t<h5 class=\"elementor-heading-title elementor-size-default\">Une nouvelle organisation pour renforcer la recherche et l\u2019innovation<\/h5>\t\t\t\t<\/div>\n\t\t\t\t\t<\/div>\n\t\t\t\t<\/div>\n\t\t<div class=\"elementor-element elementor-element-dd54e69 e-flex e-con-boxed e-con e-parent\" data-id=\"dd54e69\" data-element_type=\"container\" data-e-type=\"container\">\n\t\t\t\t\t<div class=\"e-con-inner\">\n\t\t\t\t<div class=\"elementor-element elementor-element-b5de67b elementor-widget elementor-widget-text-editor\" data-id=\"b5de67b\" data-element_type=\"widget\" data-e-type=\"widget\" data-widget_type=\"text-editor.default\">\n\t\t\t\t\t\t\t\t\tL\u2019ancienne <b style=\"color:black;\">\u00c9cole Doctorale Polytechnique (EDP)<\/b> a \u00e9t\u00e9 restructur\u00e9e afin de mieux r\u00e9pondre aux exigences acad\u00e9miques, scientifiques et socio-\u00e9conomiques. Cette r\u00e9forme a conduit \u00e0 la cr\u00e9ation de deux \u00c9coles Doctorales sp\u00e9cialis\u00e9es, favorisant une meilleure lisibilit\u00e9 scientifique et une gouvernance adapt\u00e9e aux domaines de recherche.\t\t\t\t\t\t\t\t<\/div>\n\t\t\t\t\t<\/div>\n\t\t\t\t<\/div>\n\t\t<div class=\"elementor-element elementor-element-6619dda e-flex e-con-boxed e-con e-parent\" data-id=\"6619dda\" data-element_type=\"container\" data-e-type=\"container\">\n\t\t\t\t\t<div class=\"e-con-inner\">\n\t\t\t\t<div class=\"elementor-element elementor-element-d9b50b1 elementor-widget elementor-widget-text-editor\" data-id=\"d9b50b1\" data-element_type=\"widget\" data-e-type=\"widget\" data-widget_type=\"text-editor.default\">\n\t\t\t\t\t\t\t\t\t<p>Inscrite dans la dynamique de modernisation institutionnelle de l\u2019<span class=\"hover:entity-accent entity-underline inline cursor-pointer align-baseline\"><span class=\"whitespace-normal\"><b style=\"color: black;\">Institut National Polytechnique F\u00e9lix Houphou\u00ebt-Boigny<\/b><\/span><\/span> (INP-HB), cette r\u00e9organisation traduit une volont\u00e9 affirm\u00e9e de renforcer la qualit\u00e9 de la formation doctorale, d\u2019optimiser l\u2019encadrement scientifique des doctorants et de consolider le positionnement strat\u00e9gique de l\u2019Institut dans l\u2019espace acad\u00e9mique national et international.<\/p>\t\t\t\t\t\t\t\t<\/div>\n\t\t\t\t\t<\/div>\n\t\t\t\t<\/div>\n\t\t<div class=\"elementor-element elementor-element-724d56a e-flex e-con-boxed e-con e-parent\" data-id=\"724d56a\" data-element_type=\"container\" data-e-type=\"container\">\n\t\t\t\t\t<div class=\"e-con-inner\">\n\t\t\t\t<div class=\"elementor-element elementor-element-d733797 elementor-widget elementor-widget-text-editor\" data-id=\"d733797\" data-element_type=\"widget\" data-e-type=\"widget\" data-widget_type=\"text-editor.default\">\n\t\t\t\t\t\t\t\t\tLa premi\u00e8re entit\u00e9 issue de cette restructuration est <b style=\"color:black;\">l\u2019\u00c9cole Doctorale des Sciences et Techniques de l\u2019Ing\u00e9nieur (EDP-STI), plac\u00e9e sous la direction du Professeur SORO Yaya.<\/b> Elle regroupe l\u2019ensemble des formations doctorales relevant des sciences de l\u2019ing\u00e9nierie et des technologies. Elle constitue un cadre structur\u00e9 pour le d\u00e9veloppement de recherches avanc\u00e9es dans les domaines du g\u00e9nie civil, du g\u00e9nie \u00e9lectrique et \u00e9nerg\u00e9tique, du g\u00e9nie m\u00e9canique, des technologies num\u00e9riques, des math\u00e9matiques appliqu\u00e9es et des sciences physiques. \u00c0 travers cette \u00e9cole doctorale, l\u2019INP-HB entend former des docteurs dot\u00e9s d\u2019une expertise scientifique et technique de haut niveau, capables de contribuer activement \u00e0 l\u2019innovation, \u00e0 la transformation industrielle et au d\u00e9veloppement technologique.\t\t\t\t\t\t\t\t<\/div>\n\t\t\t\t\t<\/div>\n\t\t\t\t<\/div>\n\t\t<div class=\"elementor-element elementor-element-0af7b41 e-flex e-con-boxed e-con e-parent\" data-id=\"0af7b41\" data-element_type=\"container\" data-e-type=\"container\">\n\t\t\t\t\t<div class=\"e-con-inner\">\n\t\t\t\t<div class=\"elementor-element elementor-element-fbe65a0 elementor-widget elementor-widget-text-editor\" data-id=\"fbe65a0\" data-element_type=\"widget\" data-e-type=\"widget\" data-widget_type=\"text-editor.default\">\n\t\t\t\t\t\t\t\t\tLa seconde entit\u00e9 est <b style=\"color: black;\">l\u2019\u00c9cole Doctorale des Sciences Agronomiques et Proc\u00e9d\u00e9s de Transformation (EDP-SAPT), dirig\u00e9e par le Professeur ABO Kouabenan.<\/b> Elle f\u00e9d\u00e8re les formations doctorales dans les domaines des sciences agronomiques, des biotechnologies et des proc\u00e9d\u00e9s de transformation. Elle constitue un p\u00f4le strat\u00e9gique pour la production de connaissances scientifiques en lien avec la s\u00e9curit\u00e9 alimentaire, la valorisation des ressources agricoles, l\u2019innovation agro-industrielle et la gestion durable des ressources naturelles. Elle a pour vocation de former des chercheurs capables d\u2019apporter des r\u00e9ponses scientifiques pertinentes aux enjeux agricoles, environnementaux et socio-\u00e9conomiques contemporains.\t\t\t\t\t\t\t\t<\/div>\n\t\t\t\t\t<\/div>\n\t\t\t\t<\/div>\n\t\t<div class=\"elementor-element elementor-element-f7769e6 e-flex e-con-boxed e-con e-parent\" data-id=\"f7769e6\" data-element_type=\"container\" data-e-type=\"container\">\n\t\t\t\t\t<div class=\"e-con-inner\">\n\t\t\t\t<div class=\"elementor-element elementor-element-3dbba3d elementor-widget elementor-widget-text-editor\" data-id=\"3dbba3d\" data-element_type=\"widget\" data-e-type=\"widget\" data-widget_type=\"text-editor.default\">\n\t\t\t\t\t\t\t\t\t\u00c0 travers cette nouvelle architecture organisationnelle, <b style=\"color: black;\">l\u2019INP-HB<\/b> affirme son engagement en faveur d\u2019une formation doctorale structur\u00e9e, exigeante et align\u00e9e sur les standards internationaux, au service de la recherche d\u2019excellence et du d\u00e9veloppement durable.\t\t\t\t\t\t\t\t<\/div>\n\t\t\t\t\t<\/div>\n\t\t\t\t<\/div>\n\t\t\t\t<\/div>\n\t\t","protected":false},"excerpt":{"rendered":"<p>\u00c0 propos des deux \u00e9coles doctorales \u00c9COLES DOCTORALES DE L\u2019INP-HB Une nouvelle organisation pour renforcer la recherche et l\u2019innovation L\u2019ancienne \u00c9cole Doctorale Polytechnique (EDP) a \u00e9t\u00e9 restructur\u00e9e afin de mieux r\u00e9pondre aux exigences acad\u00e9miques, scientifiques et socio-\u00e9conomiques. Cette r\u00e9forme a conduit \u00e0 la cr\u00e9ation de deux \u00c9coles Doctorales sp\u00e9cialis\u00e9es, favorisant une meilleure lisibilit\u00e9 scientifique et [&hellip;]<\/p>\n","protected":false},"author":1,"featured_media":0,"parent":0,"menu_order":0,"comment_status":"closed","ping_status":"closed","template":"","meta":{"pagelayer_contact_templates":[],"_pagelayer_content":"","footnotes":""},"class_list":["post-2568","page","type-page","status-publish","hentry"],"jetpack_sharing_enabled":true,"_links":{"self":[{"href":"https:\/\/edp.inphb.ci\/neww\/wp-json\/wp\/v2\/pages\/2568","targetHints":{"allow":["GET"]}}],"collection":[{"href":"https:\/\/edp.inphb.ci\/neww\/wp-json\/wp\/v2\/pages"}],"about":[{"href":"https:\/\/edp.inphb.ci\/neww\/wp-json\/wp\/v2\/types\/page"}],"author":[{"embeddable":true,"href":"https:\/\/edp.inphb.ci\/neww\/wp-json\/wp\/v2\/users\/1"}],"replies":[{"embeddable":true,"href":"https:\/\/edp.inphb.ci\/neww\/wp-json\/wp\/v2\/comments?post=2568"}],"version-history":[{"count":73,"href":"https:\/\/edp.inphb.ci\/neww\/wp-json\/wp\/v2\/pages\/2568\/revisions"}],"predecessor-version":[{"id":2909,"href":"https:\/\/edp.inphb.ci\/neww\/wp-json\/wp\/v2\/pages\/2568\/revisions\/2909"}],"wp:attachment":[{"href":"https:\/\/edp.inphb.ci\/neww\/wp-json\/wp\/v2\/media?parent=2568"}],"curies":[{"name":"wp","href":"https:\/\/api.w.org\/{rel}","templated":true}]}}